{"id":889,"date":"2024-05-24T10:50:41","date_gmt":"2024-05-24T10:50:41","guid":{"rendered":"https:\/\/vmd.levelzero.it\/?page_id=889"},"modified":"2024-05-27T15:55:16","modified_gmt":"2024-05-27T15:55:16","slug":"cookie-policy","status":"publish","type":"page","link":"https:\/\/studiovmd.it\/en\/cookie-policy\/","title":{"rendered":"Cookie Policy"},"content":{"rendered":"<div data-elementor-type=\"wp-page\" data-elementor-id=\"889\" class=\"elementor elementor-889\" data-elementor-post-type=\"page\">\n\t\t\t\t<div class=\"elementor-element elementor-element-3d03ea9 e-flex e-con-boxed e-con e-parent\" data-id=\"3d03ea9\" data-element_type=\"container\" data-e-type=\"container\" data-settings=\"{&quot;background_background&quot;:&quot;classic&quot;}\">\n\t\t\t\t\t<div class=\"e-con-inner\">\n\t\t\t\t\t<\/div>\n\t\t\t\t<\/div>\n\t\t<div class=\"elementor-element elementor-element-c388691 e-flex e-con-boxed e-con e-parent\" data-id=\"c388691\" data-element_type=\"container\" data-e-type=\"container\">\n\t\t\t\t\t<div class=\"e-con-inner\">\n\t\t\t\t<div class=\"elementor-element elementor-element-b89ebba elementor-widget elementor-widget-text-editor\" data-id=\"b89ebba\" data-element_type=\"widget\" data-e-type=\"widget\" data-widget_type=\"text-editor.default\">\n\t\t\t\t<div class=\"elementor-widget-container\">\n\t\t\t\t\t\t\t\t\t<h1>Cookie Policy<\/h1><p><strong>Cosa sono i cookie e come li usiamo<\/strong><\/p><p>Un \u201c<em>cookie\u201d\u00a0<\/em>\u00e8 un file di testo che viene memorizzato su computer, tablet, telefoni cellulari e su qualunque dispositivo utilizzato per navigare in Internet, dove viene memorizzato per essere poi ritrasmesso agli stessi siti alla successiva visita dello stesso utente.<\/p><p>Il presente sito web utilizza i cookie per migliorare la navigazione e per fornire servizi e funzionalit\u00e0 ai suoi utenti e visitatori. L\u2019uso dei cookie pu\u00f2 essere limitato o disabilitato tramite il browser web; tuttavia, senza cookie alcune o tutte le funzionalit\u00e0 del sito potrebbero essere inutilizzabili.<\/p><p>In particolare il nostro sito utilizza Cookie strettamente necessari che sono essenziali per portare a termine le attivit\u00e0 richieste dall\u2019utente, per esempio, per memorizzare informazioni fornite dall\u2019utente mentre naviga nel sito o per gestire lo stato di \u201clogin\u201d durante la visita; utilizza Cookie di Analytics che permettono di raccogliere dati relativi all\u2019uso del sito, come i contenuti visitati e le funzionalit\u00e0 utilizzate, con l\u2019obbiettivo di migliorare le performance e il layout del sito. Questi cookie possono essere inviati dal fornitore dello strumento di Analytics, ma sono utilizzati solo per scopi legati al sito.<\/p><p>Nel corso della navigazione l&#8217;utente pu\u00f2 ricevere sul suo terminale anche cookie inviati da siti o da web server diversi (c.d. terze parti), sui quali possono risiedere alcuni elementi (ad es. immagini, mappe, suoni, specifici link a pagine di altri domini) presenti sul sito che l&#8217;utente sta visitando.<\/p><p>\u00a0<\/p><p><strong>Tipi di cookie<\/strong><\/p><p>I\u00a0<em>cookies\u00a0<\/em>possono essere classificati in:<\/p><p>&#8211;<em>Cookies di sessione<\/em>: che vengono rimossi quanto l\u2019utente chiude il\u00a0<em>browser<\/em>\u00a0e che, pertanto, hanno una durata limitata alla tua visita;<\/p><p>&#8211;<em>Cookies permanenti<\/em>: che rimangono nel dispositivo utilizzato per navigare in Internet per un tempo determinato. Questi cookie hanno date di scadenza tipiche e, pertanto, la loro durata varia a seconda del cookie utilizzato.<\/p><p>&#8211;<em>Cookies proprietari<\/em>\u00a0e\u00a0<em>Cookies di terze parti<\/em>: a seconda che essi appartengano al titolare del sito web o ad una terza parte.<\/p><p>\u00a0<\/p><p>Per il nostro sito web utilizziamo le seguenti categorie di cookie:<\/p><p>1. Cookie di sessione strettamente necessari<\/p><p>Questi cookie sono essenziali per navigare sul sito web, per esempio consentono la memorizzazione temporanea dei dati di account per l&#8217;accesso alla relativa area riservata del sito e permettono di utilizzare le diverse funzioni presenti nelle aree riservate.<\/p><p>2. Cookie di analisi (cd.\u00a0<em>Analytics cookie<\/em>)<\/p><p>Utilizzati per raccogliere informazioni, in forma aggregata e anonima, sul numero degli utenti, su come gli stessi consultano il sito allo scopo di migliorarlo e comprendere quali parti o elementi siano maggiormente apprezzati.<\/p><p>Viene allo scopo utilizzato un cookie di terza parte, ossia Google Analytics. Questoc<em>cookiec<\/em>non \u00e8 uno strumento di nostra titolarit\u00e0, per maggiori informazioni, pertanto, \u00e8 possibile consultare l&#8217;informativa fornita da Google al seguente indirizzo:http:\/\/www.google.com\/intl\/en\/analytics\/privacyoverview.html\u00a0 \u00a0<\/p><p>\u00a0<\/p><p><strong>Questo sito non utilizza Cookie di profilazione.<\/strong><\/p><p>Si tratta di cookie permanenti utilizzati per identificare (in modo anonimo e non) le preferenze dell&#8217;utente al fine di sviluppare un profilo specifico per personalizzare le offerte commerciali, per il compimento di ricerche di mercato o di vendita a distanza.<\/p><p>\u00a0<\/p><p><strong>Cookie di Terze Parti e Social media cookie<\/strong><\/p><p>Su questo sito utilizza cookies di\u00a0<em>social network<\/em>\u00a0(precisamente, cookies delle piattaforme Facebook, Twitter e LinkedIn), gestiti dalle terze parti e, pertanto, non siamo responsabili in merito ad essi.<\/p><p>Questi cookies sono utilizzati, ad esempio, per condividere dei contenuti.<\/p><p>La gestione delle informazioni raccolte dalle terze parti ed il tipo di trattamento di dati personali sono disciplinate dalle relative informative cui si prega di fare riferimento.<\/p><p>Per ulteriori informazioni su come la Terza Parte utilizza i cookie, di seguito riportiamo gli indirizzi web delle diverse informative e delle modalit\u00e0 per la gestione dei cookie\u00a0<em>social<\/em>.<\/p><p>\u00a0<\/p><p><em>Facebook<\/em><\/p><p>Informativa:\u00a0<a href=\"https:\/\/www.facebook.com\/about\/privacy\" target=\"_blank\" rel=\"noopener\">www.facebook.com\/about\/privacy<\/a><\/p><p><em>LinkedIn<\/em><\/p><p>Informativa:\u00a0<a href=\"https:\/\/www.linkedin.com\/legal\/cookie-policy\" target=\"_blank\" rel=\"noopener\">www.linkedin.com\/legal\/cookie-policy<\/a><\/p><p>Configurazione:\u00a0<a href=\"https:\/\/www.linkedin.com\/legal\/cookie-policy\" target=\"_blank\" rel=\"noopener\">www.linkedin.com\/legal\/cookie-policy<\/a><\/p><p><em>Twitter<\/em><\/p><p>Informativa:\u00a0<a href=\"https:\/\/support.twitter.com\/articles\/20170514\" target=\"_blank\" rel=\"noopener\">https:\/\/support.twitter.com\/articles\/20170514<\/a>\u00a0<\/p><p>Configurazione:\u00a0<a href=\"https:\/\/twitter.com\/settings\/security\" target=\"_blank\" rel=\"noopener\">https:\/\/twitter.com\/settings\/security<\/a><\/p><p>\u00a0<\/p><p><strong>Gestione dei\u00a0<em>cookies<\/em><\/strong><\/p><p>In ogni momento, l\u2019utente pu\u00f2 rifiutare di accettare tutti o alcuni dei\u00a0<em>cookies\u00a0<\/em>utilizzati da questo sito web semplicemente selezionando, sul proprio\u00a0<em>browser<\/em>, le impostazioni che consentono di rifiutarli.<\/p><p>Ogni browserha specifiche istruzioni di configurazione. Ulteriori informazioni in merito alle procedure da seguire per disabilitare i\u00a0<em>cookie\u00a0<\/em>possono essere trovati sul sito internet del fornitore del\u00a0<em>browser.<\/em><\/p><p>Google Chrome:\u00a0<a href=\"https:\/\/support.google.com\/chrome\/answer\/95647?hl=it\" target=\"_blank\" rel=\"noopener\">https:\/\/support.google.com\/chrome\/answer\/95647?hl=it<\/a>\u00a0<\/p><p>Mozilla Firefox:\u00a0<a href=\"http:\/\/support.mozilla.org\/it\/kb\/Attivare%20e%20disattivare%20i%20cookie\" target=\"_blank\" rel=\"noopener\">http:\/\/support.mozilla.org\/it\/kb\/Attivare%20e%20disattivare%20i%20cookie<\/a><\/p><p>Internet Explorer:\u00a0<a href=\"http:\/\/windows.microsoft.com\/it-it\/windows7\/block-enable-or-allow-cookies\" target=\"_blank\" rel=\"noopener\">http:\/\/windows.microsoft.com\/it-it\/windows7\/block-enable-or-allow-cookies<\/a><\/p><p>Apple Safari:\u00a0<a href=\"https:\/\/support.apple.com\/it-it\/HT201265\" target=\"_blank\" rel=\"noopener\">https:\/\/support.apple.com\/it-it\/HT201265<\/a><\/p><p>Per disabilitare soltanto l\u2019uso dei\u00a0<em>cookie\u00a0<\/em>di\u00a0<em>Google Analytics\u00a0<\/em>pu\u00f2 utilizzare il componente aggiuntivo messo a disposizione da Google al seguente collegamento seguendo la procedura<em>\u00a0<\/em>indicata da Google\u00a0<a href=\"https:\/\/tools.google.com\/dlpage\/gaoptout?hl=it\" target=\"_blank\" rel=\"noopener\">https:\/\/tools.google.com\/dlpage\/gaoptout?hl=it<\/a><\/p><p>Disabilitando i cookie, \u00e8 ancora possibile utilizzare alcune parti del sito web, ma alcuni servizi potrebbero non essere utilizzabili.<\/p><p>\u00a0<\/p><p><strong>Titolare del trattamento<\/strong><\/p><p>Il Titolare del trattamento \u00e8 Nicola\u00a0Ventura\u00a0\u00a0 con sede in Via Nicola de Roggiero, n.75 \u2013 76125 Trani (BT) &#8211; Tel. 0883.480.838 fax 0883.954.620 &#8211; Email: info@studiovmd.it.<\/p><p>\u00a0<\/p><p><strong>Modifiche alla cookie policy<\/strong><\/p><p>Il Titolare del trattamento si riserva la facolt\u00e0 di apportare delle modifiche alla presente\u00a0<em>cookie policy<\/em>. L\u2019utente e\/o visitatore del sito web accetta di essere vincolato a tali eventuali e future revisioni e si impegna, pertanto, a visitare periodicamente questa pagina per essere informato su eventuali variazioni.<\/p>\t\t\t\t\t\t\t\t<\/div>\n\t\t\t\t<\/div>\n\t\t\t\t\t<\/div>\n\t\t\t\t<\/div>\n\t\t\t\t<\/div>","protected":false},"excerpt":{"rendered":"<p>Cookie Policy Cosa sono i cookie e come li usiamo Un \u201ccookie\u201d\u00a0\u00e8 un file di testo che viene memorizzato su computer, tablet, telefoni cellulari e su qualunque dispositivo utilizzato per navigare in Internet, dove viene memorizzato per essere poi ritrasmesso agli stessi siti alla successiva visita dello stesso utente. Il presente sito web utilizza i [&hellip;]<\/p>\n","protected":false},"author":2,"featured_media":0,"parent":0,"menu_order":0,"comment_status":"closed","ping_status":"closed","template":"","meta":{"om_disable_all_campaigns":false,"footnotes":""},"class_list":["post-889","page","type-page","status-publish","hentry"],"yoast_head":"<!-- This site is optimized with the Yoast SEO plugin v27.4 - https:\/\/yoast.com\/product\/yoast-seo-wordpress\/ -->\n<title>Cookie Policy - Studio VMD<\/title>\n<meta name=\"robots\" content=\"noindex, follow, max-snippet:-1, max-image-preview:large, max-video-preview:-1\" \/>\n<meta property=\"og:locale\" content=\"en_GB\" \/>\n<meta property=\"og:type\" content=\"article\" \/>\n<meta property=\"og:title\" content=\"Cookie Policy - Studio VMD\" \/>\n<meta property=\"og:description\" content=\"Cookie Policy Cosa sono i cookie e come li usiamo Un \u201ccookie\u201d\u00a0\u00e8 un file di testo che viene memorizzato su computer, tablet, telefoni cellulari e su qualunque dispositivo utilizzato per navigare in Internet, dove viene memorizzato per essere poi ritrasmesso agli stessi siti alla successiva visita dello stesso utente. Il presente sito web utilizza i [&hellip;]\" \/>\n<meta property=\"og:url\" content=\"https:\/\/studiovmd.it\/en\/cookie-policy\/\" \/>\n<meta property=\"og:site_name\" content=\"Studio VMD\" \/>\n<meta property=\"article:modified_time\" content=\"2024-05-27T15:55:16+00:00\" \/>\n<meta name=\"twitter:card\" content=\"summary_large_image\" \/>\n<meta name=\"twitter:label1\" content=\"Estimated reading time\" \/>\n\t<meta name=\"twitter:data1\" content=\"5 minutes\" \/>\n<script type=\"application\/ld+json\" class=\"yoast-schema-graph\">{\"@context\":\"https:\\\/\\\/schema.org\",\"@graph\":[{\"@type\":\"WebPage\",\"@id\":\"https:\\\/\\\/studiovmd.it\\\/cookie-policy\\\/\",\"url\":\"https:\\\/\\\/studiovmd.it\\\/cookie-policy\\\/\",\"name\":\"Cookie Policy - Studio VMD\",\"isPartOf\":{\"@id\":\"https:\\\/\\\/studiovmd.it\\\/#website\"},\"datePublished\":\"2024-05-24T10:50:41+00:00\",\"dateModified\":\"2024-05-27T15:55:16+00:00\",\"breadcrumb\":{\"@id\":\"https:\\\/\\\/studiovmd.it\\\/cookie-policy\\\/#breadcrumb\"},\"inLanguage\":\"en-GB\",\"potentialAction\":[{\"@type\":\"ReadAction\",\"target\":[\"https:\\\/\\\/studiovmd.it\\\/cookie-policy\\\/\"]}]},{\"@type\":\"BreadcrumbList\",\"@id\":\"https:\\\/\\\/studiovmd.it\\\/cookie-policy\\\/#breadcrumb\",\"itemListElement\":[{\"@type\":\"ListItem\",\"position\":1,\"name\":\"Home\",\"item\":\"https:\\\/\\\/studiovmd.it\\\/\"},{\"@type\":\"ListItem\",\"position\":2,\"name\":\"Cookie Policy\"}]},{\"@type\":\"WebSite\",\"@id\":\"https:\\\/\\\/studiovmd.it\\\/#website\",\"url\":\"https:\\\/\\\/studiovmd.it\\\/\",\"name\":\"Studio VMD\",\"description\":\"Studio legale e commerciali\",\"publisher\":{\"@id\":\"https:\\\/\\\/studiovmd.it\\\/#organization\"},\"potentialAction\":[{\"@type\":\"SearchAction\",\"target\":{\"@type\":\"EntryPoint\",\"urlTemplate\":\"https:\\\/\\\/studiovmd.it\\\/?s={search_term_string}\"},\"query-input\":{\"@type\":\"PropertyValueSpecification\",\"valueRequired\":true,\"valueName\":\"search_term_string\"}}],\"inLanguage\":\"en-GB\"},{\"@type\":\"Organization\",\"@id\":\"https:\\\/\\\/studiovmd.it\\\/#organization\",\"name\":\"Studio VMD\",\"url\":\"https:\\\/\\\/studiovmd.it\\\/\",\"logo\":{\"@type\":\"ImageObject\",\"inLanguage\":\"en-GB\",\"@id\":\"https:\\\/\\\/studiovmd.it\\\/#\\\/schema\\\/logo\\\/image\\\/\",\"url\":\"https:\\\/\\\/studiovmd.it\\\/wp-content\\\/uploads\\\/2024\\\/02\\\/Logo-VMD.jpg\",\"contentUrl\":\"https:\\\/\\\/studiovmd.it\\\/wp-content\\\/uploads\\\/2024\\\/02\\\/Logo-VMD.jpg\",\"width\":400,\"height\":85,\"caption\":\"Studio VMD\"},\"image\":{\"@id\":\"https:\\\/\\\/studiovmd.it\\\/#\\\/schema\\\/logo\\\/image\\\/\"}}]}<\/script>\n<!-- \/ Yoast SEO plugin. -->","yoast_head_json":{"title":"Cookie Policy - Studio VMD","robots":{"index":"noindex","follow":"follow","max-snippet":"max-snippet:-1","max-image-preview":"max-image-preview:large","max-video-preview":"max-video-preview:-1"},"og_locale":"en_GB","og_type":"article","og_title":"Cookie Policy - Studio VMD","og_description":"Cookie Policy Cosa sono i cookie e come li usiamo Un \u201ccookie\u201d\u00a0\u00e8 un file di testo che viene memorizzato su computer, tablet, telefoni cellulari e su qualunque dispositivo utilizzato per navigare in Internet, dove viene memorizzato per essere poi ritrasmesso agli stessi siti alla successiva visita dello stesso utente. Il presente sito web utilizza i [&hellip;]","og_url":"https:\/\/studiovmd.it\/en\/cookie-policy\/","og_site_name":"Studio VMD","article_modified_time":"2024-05-27T15:55:16+00:00","twitter_card":"summary_large_image","twitter_misc":{"Estimated reading time":"5 minutes"},"schema":{"@context":"https:\/\/schema.org","@graph":[{"@type":"WebPage","@id":"https:\/\/studiovmd.it\/cookie-policy\/","url":"https:\/\/studiovmd.it\/cookie-policy\/","name":"Cookie Policy - Studio VMD","isPartOf":{"@id":"https:\/\/studiovmd.it\/#website"},"datePublished":"2024-05-24T10:50:41+00:00","dateModified":"2024-05-27T15:55:16+00:00","breadcrumb":{"@id":"https:\/\/studiovmd.it\/cookie-policy\/#breadcrumb"},"inLanguage":"en-GB","potentialAction":[{"@type":"ReadAction","target":["https:\/\/studiovmd.it\/cookie-policy\/"]}]},{"@type":"BreadcrumbList","@id":"https:\/\/studiovmd.it\/cookie-policy\/#breadcrumb","itemListElement":[{"@type":"ListItem","position":1,"name":"Home","item":"https:\/\/studiovmd.it\/"},{"@type":"ListItem","position":2,"name":"Cookie Policy"}]},{"@type":"WebSite","@id":"https:\/\/studiovmd.it\/#website","url":"https:\/\/studiovmd.it\/","name":"Studio VMD","description":"Studio legale e commerciali","publisher":{"@id":"https:\/\/studiovmd.it\/#organization"},"potentialAction":[{"@type":"SearchAction","target":{"@type":"EntryPoint","urlTemplate":"https:\/\/studiovmd.it\/?s={search_term_string}"},"query-input":{"@type":"PropertyValueSpecification","valueRequired":true,"valueName":"search_term_string"}}],"inLanguage":"en-GB"},{"@type":"Organization","@id":"https:\/\/studiovmd.it\/#organization","name":"Studio VMD","url":"https:\/\/studiovmd.it\/","logo":{"@type":"ImageObject","inLanguage":"en-GB","@id":"https:\/\/studiovmd.it\/#\/schema\/logo\/image\/","url":"https:\/\/studiovmd.it\/wp-content\/uploads\/2024\/02\/Logo-VMD.jpg","contentUrl":"https:\/\/studiovmd.it\/wp-content\/uploads\/2024\/02\/Logo-VMD.jpg","width":400,"height":85,"caption":"Studio VMD"},"image":{"@id":"https:\/\/studiovmd.it\/#\/schema\/logo\/image\/"}}]}},"_links":{"self":[{"href":"https:\/\/studiovmd.it\/en\/wp-json\/wp\/v2\/pages\/889","targetHints":{"allow":["GET"]}}],"collection":[{"href":"https:\/\/studiovmd.it\/en\/wp-json\/wp\/v2\/pages"}],"about":[{"href":"https:\/\/studiovmd.it\/en\/wp-json\/wp\/v2\/types\/page"}],"author":[{"embeddable":true,"href":"https:\/\/studiovmd.it\/en\/wp-json\/wp\/v2\/users\/2"}],"replies":[{"embeddable":true,"href":"https:\/\/studiovmd.it\/en\/wp-json\/wp\/v2\/comments?post=889"}],"version-history":[{"count":17,"href":"https:\/\/studiovmd.it\/en\/wp-json\/wp\/v2\/pages\/889\/revisions"}],"predecessor-version":[{"id":1245,"href":"https:\/\/studiovmd.it\/en\/wp-json\/wp\/v2\/pages\/889\/revisions\/1245"}],"wp:attachment":[{"href":"https:\/\/studiovmd.it\/en\/wp-json\/wp\/v2\/media?parent=889"}],"curies":[{"name":"wp","href":"https:\/\/api.w.org\/{rel}","templated":true}]}}