{"id":71,"date":"2024-02-07T16:22:17","date_gmt":"2024-02-07T16:22:17","guid":{"rendered":"http:\/\/studiovmd.it\/?page_id=71"},"modified":"2026-03-13T04:31:49","modified_gmt":"2026-03-13T04:31:49","slug":"attivita","status":"publish","type":"page","link":"https:\/\/studiovmd.it\/en\/attivita\/","title":{"rendered":"Activities"},"content":{"rendered":"<div data-elementor-type=\"wp-page\" data-elementor-id=\"71\" class=\"elementor elementor-71\" data-elementor-post-type=\"page\">\n\t\t\t\t<div class=\"elementor-element elementor-element-c5fd7f5 e-con-full e-flex e-con e-parent\" data-id=\"c5fd7f5\" data-element_type=\"container\" data-e-type=\"container\" data-settings=\"{&quot;background_background&quot;:&quot;classic&quot;}\">\n\t\t\t\t<div class=\"elementor-element elementor-element-3d9997b elementor-widget elementor-widget-image\" data-id=\"3d9997b\" data-element_type=\"widget\" data-e-type=\"widget\" data-widget_type=\"image.default\">\n\t\t\t\t<div class=\"elementor-widget-container\">\n\t\t\t\t\t\t\t\t\t\t\t\t\t\t\t<img fetchpriority=\"high\" decoding=\"async\" width=\"800\" height=\"240\" src=\"https:\/\/studiovmd.it\/wp-content\/uploads\/2025\/10\/logo_vmd_over-1024x307.png\" class=\"attachment-large size-large wp-image-3056\" alt=\"\" srcset=\"https:\/\/studiovmd.it\/wp-content\/uploads\/2025\/10\/logo_vmd_over-1024x307.png 1024w, https:\/\/studiovmd.it\/wp-content\/uploads\/2025\/10\/logo_vmd_over-300x90.png 300w, https:\/\/studiovmd.it\/wp-content\/uploads\/2025\/10\/logo_vmd_over-768x230.png 768w, https:\/\/studiovmd.it\/wp-content\/uploads\/2025\/10\/logo_vmd_over.png 1200w\" sizes=\"(max-width: 800px) 100vw, 800px\" \/>\t\t\t\t\t\t\t\t\t\t\t\t\t\t\t<\/div>\n\t\t\t\t<\/div>\n\t\t\t\t<\/div>\n\t\t<div class=\"elementor-element elementor-element-cdf8b89 e-flex e-con-boxed e-con e-parent\" data-id=\"cdf8b89\" data-element_type=\"container\" data-e-type=\"container\">\n\t\t\t\t\t<div class=\"e-con-inner\">\n\t\t<div class=\"elementor-element elementor-element-26802f0 e-con-full e-flex e-con e-child\" data-id=\"26802f0\" data-element_type=\"container\" data-e-type=\"container\">\n\t\t\t\t<div class=\"elementor-element elementor-element-b7a813c elementor-widget elementor-widget-text-editor\" data-id=\"b7a813c\" data-element_type=\"widget\" data-e-type=\"widget\" data-widget_type=\"text-editor.default\">\n\t\t\t\t<div class=\"elementor-widget-container\">\n\t\t\t\t\t\t\t\t\t<p>Lo Studio <strong>VENTURA MUCIACCIA DE VECCHIS<\/strong> VENTURA MUCIACCIA DE VECCHIS is a firm of excellence, distinguished by its ability to provide Clients with comprehensive commercial and legal advice and assistance across a wide range of strategic sectors.\u00a0<\/p><p>These include:<\/p><ul><li><strong>Civil and Commercial Law: Assistance in civil disputes and in the management of commercial relationships.<\/strong>: Assistenza in controversie civili e nella gestione di rapporti commerciali.<\/li><li><strong>Banking and Financial Law: Advice on banking transactions, financing and regulatory matters.<\/strong>: Consulenza su operazioni bancarie, finanziamenti e regolamentazioni.<\/li><li><strong>Insolvency and Bankruptcy Law: Support in insolvency proceedings and debt restructuring procedures.<\/strong>: Supporto in procedure concorsuali e di ristrutturazione del debito.<\/li><li><strong>Real Estate Law: Advice on property transactions, leases and real estate asset management.<\/strong>: Consulenza su compravendite, locazioni e gestione di patrimoni immobiliari.<\/li><li><strong>Tax Law: Assistance with tax matters and tax litigation.<\/strong>: Assistenza in materia fiscale e contenzioso tributario.<\/li><li><strong>Labour Law: Advice on employment contracts, disputes and labour regulations.<\/strong>: Consulenza su contratti di lavoro, controversie e normative del lavoro.<\/li><li><strong>International Contract Law: Drafting and negotiation of contracts at an international level, including in English.<\/strong>: Redazione e negoziazione di contratti a livello internazionale, anche in lingua inglese.<\/li><li><strong>Data Protection and Privacy Law: Advice on personal data protection and GDPR compliance.<\/strong>: Consulenza sulla protezione dei dati personali e compliance con il GDPR.<\/li><li><strong>Antitrust Law: Assistance with competition law issues and unfair commercial practices.<\/strong>: Assistenza su tematiche di concorrenza e pratiche commerciali scorrette.<\/li><\/ul><p>\u00a0<\/p><p>In addition, the Firm\u2019s professionals are highly experienced in providing assistance to companies in the drafting and negotiation of contracts, both at national and international level, ensuring that each agreement complies with applicable regulations and meets the specific needs of the Client.<\/p><p>Thanks to a well-established network of qualified collaborations, the Firm operates effectively throughout Italy, guaranteeing a personalised and timely service. The combination of multidisciplinary expertise and the ability to act both locally and internationally makes VENTURA MUCIACCIA DE VECCHIS a reliable partner for all legal and commercial requirements.<\/p>\t\t\t\t\t\t\t\t<\/div>\n\t\t\t\t<\/div>\n\t\t\t\t<\/div>\n\t\t\t\t\t<\/div>\n\t\t\t\t<\/div>\n\t\t\t\t<\/div>","protected":false},"excerpt":{"rendered":"<p>Lo Studio VENTURA MUCIACCIA DE VECCHIS \u00e8 una realt\u00e0 d&#8217;eccellenza che si distingue per la sua capacit\u00e0 di offrire ai Clienti una consulenza ed assistenza completa, sia commerciale che legale, in numerosi settori strategici.\u00a0 Tra questi, si annoverano: Diritto civile e commerciale: Assistenza in controversie civili e nella gestione di rapporti commerciali. Diritto bancario e [&hellip;]<\/p>\n","protected":false},"author":2,"featured_media":0,"parent":0,"menu_order":0,"comment_status":"closed","ping_status":"closed","template":"","meta":{"om_disable_all_campaigns":false,"footnotes":""},"class_list":["post-71","page","type-page","status-publish","hentry"],"yoast_head":"<!-- This site is optimized with the Yoast SEO plugin v27.4 - https:\/\/yoast.com\/product\/yoast-seo-wordpress\/ -->\n<title>Attivit\u00e0 - Studio VMD<\/title>\n<meta name=\"robots\" content=\"noindex, follow, max-snippet:-1, max-image-preview:large, max-video-preview:-1\" \/>\n<meta property=\"og:locale\" content=\"en_GB\" \/>\n<meta property=\"og:type\" content=\"article\" \/>\n<meta property=\"og:title\" content=\"Attivit\u00e0 - Studio VMD\" \/>\n<meta property=\"og:description\" content=\"Lo Studio VENTURA MUCIACCIA DE VECCHIS \u00e8 una realt\u00e0 d&#8217;eccellenza che si distingue per la sua capacit\u00e0 di offrire ai Clienti una consulenza ed assistenza completa, sia commerciale che legale, in numerosi settori strategici.\u00a0 Tra questi, si annoverano: Diritto civile e commerciale: Assistenza in controversie civili e nella gestione di rapporti commerciali. Diritto bancario e [&hellip;]\" \/>\n<meta property=\"og:url\" content=\"https:\/\/studiovmd.it\/en\/attivita\/\" \/>\n<meta property=\"og:site_name\" content=\"Studio VMD\" \/>\n<meta property=\"article:modified_time\" content=\"2026-03-13T04:31:49+00:00\" \/>\n<meta property=\"og:image\" content=\"https:\/\/studiovmd.it\/wp-content\/uploads\/2025\/10\/logo_vmd_over.png\" \/>\n\t<meta property=\"og:image:width\" content=\"1200\" \/>\n\t<meta property=\"og:image:height\" content=\"360\" \/>\n\t<meta property=\"og:image:type\" content=\"image\/png\" \/>\n<meta name=\"twitter:card\" content=\"summary_large_image\" \/>\n<meta name=\"twitter:label1\" content=\"Estimated reading time\" \/>\n\t<meta name=\"twitter:data1\" content=\"2 minutes\" \/>\n<script type=\"application\/ld+json\" class=\"yoast-schema-graph\">{\"@context\":\"https:\\\/\\\/schema.org\",\"@graph\":[{\"@type\":\"WebPage\",\"@id\":\"https:\\\/\\\/studiovmd.it\\\/attivita\\\/\",\"url\":\"https:\\\/\\\/studiovmd.it\\\/attivita\\\/\",\"name\":\"Attivit\u00e0 - Studio VMD\",\"isPartOf\":{\"@id\":\"https:\\\/\\\/studiovmd.it\\\/#website\"},\"primaryImageOfPage\":{\"@id\":\"https:\\\/\\\/studiovmd.it\\\/attivita\\\/#primaryimage\"},\"image\":{\"@id\":\"https:\\\/\\\/studiovmd.it\\\/attivita\\\/#primaryimage\"},\"thumbnailUrl\":\"https:\\\/\\\/studiovmd.it\\\/wp-content\\\/uploads\\\/2025\\\/10\\\/logo_vmd_over-1024x307.png\",\"datePublished\":\"2024-02-07T16:22:17+00:00\",\"dateModified\":\"2026-03-13T04:31:49+00:00\",\"breadcrumb\":{\"@id\":\"https:\\\/\\\/studiovmd.it\\\/attivita\\\/#breadcrumb\"},\"inLanguage\":\"en-GB\",\"potentialAction\":[{\"@type\":\"ReadAction\",\"target\":[\"https:\\\/\\\/studiovmd.it\\\/attivita\\\/\"]}]},{\"@type\":\"ImageObject\",\"inLanguage\":\"en-GB\",\"@id\":\"https:\\\/\\\/studiovmd.it\\\/attivita\\\/#primaryimage\",\"url\":\"https:\\\/\\\/studiovmd.it\\\/wp-content\\\/uploads\\\/2025\\\/10\\\/logo_vmd_over-1024x307.png\",\"contentUrl\":\"https:\\\/\\\/studiovmd.it\\\/wp-content\\\/uploads\\\/2025\\\/10\\\/logo_vmd_over-1024x307.png\"},{\"@type\":\"BreadcrumbList\",\"@id\":\"https:\\\/\\\/studiovmd.it\\\/attivita\\\/#breadcrumb\",\"itemListElement\":[{\"@type\":\"ListItem\",\"position\":1,\"name\":\"Home\",\"item\":\"https:\\\/\\\/studiovmd.it\\\/\"},{\"@type\":\"ListItem\",\"position\":2,\"name\":\"Attivit\u00e0\"}]},{\"@type\":\"WebSite\",\"@id\":\"https:\\\/\\\/studiovmd.it\\\/#website\",\"url\":\"https:\\\/\\\/studiovmd.it\\\/\",\"name\":\"Studio VMD\",\"description\":\"Studio legale e commerciali\",\"publisher\":{\"@id\":\"https:\\\/\\\/studiovmd.it\\\/#organization\"},\"potentialAction\":[{\"@type\":\"SearchAction\",\"target\":{\"@type\":\"EntryPoint\",\"urlTemplate\":\"https:\\\/\\\/studiovmd.it\\\/?s={search_term_string}\"},\"query-input\":{\"@type\":\"PropertyValueSpecification\",\"valueRequired\":true,\"valueName\":\"search_term_string\"}}],\"inLanguage\":\"en-GB\"},{\"@type\":\"Organization\",\"@id\":\"https:\\\/\\\/studiovmd.it\\\/#organization\",\"name\":\"Studio VMD\",\"url\":\"https:\\\/\\\/studiovmd.it\\\/\",\"logo\":{\"@type\":\"ImageObject\",\"inLanguage\":\"en-GB\",\"@id\":\"https:\\\/\\\/studiovmd.it\\\/#\\\/schema\\\/logo\\\/image\\\/\",\"url\":\"https:\\\/\\\/studiovmd.it\\\/wp-content\\\/uploads\\\/2024\\\/02\\\/Logo-VMD.jpg\",\"contentUrl\":\"https:\\\/\\\/studiovmd.it\\\/wp-content\\\/uploads\\\/2024\\\/02\\\/Logo-VMD.jpg\",\"width\":400,\"height\":85,\"caption\":\"Studio VMD\"},\"image\":{\"@id\":\"https:\\\/\\\/studiovmd.it\\\/#\\\/schema\\\/logo\\\/image\\\/\"}}]}<\/script>\n<!-- \/ Yoast SEO plugin. -->","yoast_head_json":{"title":"Attivit\u00e0 - Studio VMD","robots":{"index":"noindex","follow":"follow","max-snippet":"max-snippet:-1","max-image-preview":"max-image-preview:large","max-video-preview":"max-video-preview:-1"},"og_locale":"en_GB","og_type":"article","og_title":"Attivit\u00e0 - Studio VMD","og_description":"Lo Studio VENTURA MUCIACCIA DE VECCHIS \u00e8 una realt\u00e0 d&#8217;eccellenza che si distingue per la sua capacit\u00e0 di offrire ai Clienti una consulenza ed assistenza completa, sia commerciale che legale, in numerosi settori strategici.\u00a0 Tra questi, si annoverano: Diritto civile e commerciale: Assistenza in controversie civili e nella gestione di rapporti commerciali. Diritto bancario e [&hellip;]","og_url":"https:\/\/studiovmd.it\/en\/attivita\/","og_site_name":"Studio VMD","article_modified_time":"2026-03-13T04:31:49+00:00","og_image":[{"width":1200,"height":360,"url":"https:\/\/studiovmd.it\/wp-content\/uploads\/2025\/10\/logo_vmd_over.png","type":"image\/png"}],"twitter_card":"summary_large_image","twitter_misc":{"Estimated reading time":"2 minutes"},"schema":{"@context":"https:\/\/schema.org","@graph":[{"@type":"WebPage","@id":"https:\/\/studiovmd.it\/attivita\/","url":"https:\/\/studiovmd.it\/attivita\/","name":"Attivit\u00e0 - Studio VMD","isPartOf":{"@id":"https:\/\/studiovmd.it\/#website"},"primaryImageOfPage":{"@id":"https:\/\/studiovmd.it\/attivita\/#primaryimage"},"image":{"@id":"https:\/\/studiovmd.it\/attivita\/#primaryimage"},"thumbnailUrl":"https:\/\/studiovmd.it\/wp-content\/uploads\/2025\/10\/logo_vmd_over-1024x307.png","datePublished":"2024-02-07T16:22:17+00:00","dateModified":"2026-03-13T04:31:49+00:00","breadcrumb":{"@id":"https:\/\/studiovmd.it\/attivita\/#breadcrumb"},"inLanguage":"en-GB","potentialAction":[{"@type":"ReadAction","target":["https:\/\/studiovmd.it\/attivita\/"]}]},{"@type":"ImageObject","inLanguage":"en-GB","@id":"https:\/\/studiovmd.it\/attivita\/#primaryimage","url":"https:\/\/studiovmd.it\/wp-content\/uploads\/2025\/10\/logo_vmd_over-1024x307.png","contentUrl":"https:\/\/studiovmd.it\/wp-content\/uploads\/2025\/10\/logo_vmd_over-1024x307.png"},{"@type":"BreadcrumbList","@id":"https:\/\/studiovmd.it\/attivita\/#breadcrumb","itemListElement":[{"@type":"ListItem","position":1,"name":"Home","item":"https:\/\/studiovmd.it\/"},{"@type":"ListItem","position":2,"name":"Attivit\u00e0"}]},{"@type":"WebSite","@id":"https:\/\/studiovmd.it\/#website","url":"https:\/\/studiovmd.it\/","name":"Studio VMD","description":"Studio legale e commerciali","publisher":{"@id":"https:\/\/studiovmd.it\/#organization"},"potentialAction":[{"@type":"SearchAction","target":{"@type":"EntryPoint","urlTemplate":"https:\/\/studiovmd.it\/?s={search_term_string}"},"query-input":{"@type":"PropertyValueSpecification","valueRequired":true,"valueName":"search_term_string"}}],"inLanguage":"en-GB"},{"@type":"Organization","@id":"https:\/\/studiovmd.it\/#organization","name":"Studio VMD","url":"https:\/\/studiovmd.it\/","logo":{"@type":"ImageObject","inLanguage":"en-GB","@id":"https:\/\/studiovmd.it\/#\/schema\/logo\/image\/","url":"https:\/\/studiovmd.it\/wp-content\/uploads\/2024\/02\/Logo-VMD.jpg","contentUrl":"https:\/\/studiovmd.it\/wp-content\/uploads\/2024\/02\/Logo-VMD.jpg","width":400,"height":85,"caption":"Studio VMD"},"image":{"@id":"https:\/\/studiovmd.it\/#\/schema\/logo\/image\/"}}]}},"_links":{"self":[{"href":"https:\/\/studiovmd.it\/en\/wp-json\/wp\/v2\/pages\/71","targetHints":{"allow":["GET"]}}],"collection":[{"href":"https:\/\/studiovmd.it\/en\/wp-json\/wp\/v2\/pages"}],"about":[{"href":"https:\/\/studiovmd.it\/en\/wp-json\/wp\/v2\/types\/page"}],"author":[{"embeddable":true,"href":"https:\/\/studiovmd.it\/en\/wp-json\/wp\/v2\/users\/2"}],"replies":[{"embeddable":true,"href":"https:\/\/studiovmd.it\/en\/wp-json\/wp\/v2\/comments?post=71"}],"version-history":[{"count":5,"href":"https:\/\/studiovmd.it\/en\/wp-json\/wp\/v2\/pages\/71\/revisions"}],"predecessor-version":[{"id":3709,"href":"https:\/\/studiovmd.it\/en\/wp-json\/wp\/v2\/pages\/71\/revisions\/3709"}],"wp:attachment":[{"href":"https:\/\/studiovmd.it\/en\/wp-json\/wp\/v2\/media?parent=71"}],"curies":[{"name":"wp","href":"https:\/\/api.w.org\/{rel}","templated":true}]}}