{"id":3,"date":"2024-02-07T14:17:57","date_gmt":"2024-02-07T14:17:57","guid":{"rendered":"http:\/\/studiovmd.it\/?page_id=3"},"modified":"2024-05-27T15:39:55","modified_gmt":"2024-05-27T15:39:55","slug":"privacy-policy","status":"publish","type":"page","link":"https:\/\/studiovmd.it\/en\/privacy-policy\/","title":{"rendered":"Privacy Policy"},"content":{"rendered":"<div data-elementor-type=\"wp-page\" data-elementor-id=\"3\" class=\"elementor elementor-3\" data-elementor-post-type=\"page\">\n\t\t\t\t<div class=\"elementor-element elementor-element-bfd8b42 e-flex e-con-boxed e-con e-parent\" data-id=\"bfd8b42\" data-element_type=\"container\" data-e-type=\"container\" data-settings=\"{&quot;background_background&quot;:&quot;classic&quot;}\">\n\t\t\t\t\t<div class=\"e-con-inner\">\n\t\t\t\t\t<\/div>\n\t\t\t\t<\/div>\n\t\t<div class=\"elementor-element elementor-element-49fbfb0c e-flex e-con-boxed e-con e-parent\" data-id=\"49fbfb0c\" data-element_type=\"container\" data-e-type=\"container\">\n\t\t\t\t\t<div class=\"e-con-inner\">\n\t\t\t\t<div class=\"elementor-element elementor-element-64436ded elementor-widget elementor-widget-text-editor\" data-id=\"64436ded\" data-element_type=\"widget\" data-e-type=\"widget\" data-widget_type=\"text-editor.default\">\n\t\t\t\t<div class=\"elementor-widget-container\">\n\t\t\t\t\t\t\t\t\t\n<h1 class=\"wp-block-heading\">INFORMATIVA SULLA PRIVACY (D.Lgs. n. 196\/2003)<\/h1>\n<p>I dati personali da Lei\/Voi forniti o acquisiti nell&#8217;ambito della nostra attivit\u00e0 saranno oggetto di trattamento improntato ai principi di correttezza, liceit\u00e0, trasparenza e di tutela della Sua\/Vostra riservatezza e dei Suoi\/Vostri diritti, ai sensi delle vigenti normative.<\/p>\n<p><br \/>Il trattamento di tali dati personali sar\u00e0 principalmente finalizzato agli adempimenti previsti dalla legge. Il trattamento potr\u00e0 inoltre essere finalizzato all&#8217;espletamento di incarichi conferiti dagli interessati o per facilitare la comunicazione con questi, ove ritenuto utile o necessario.<br \/><br \/>Il trattamento pu\u00f2 essere effettuato su supporti cartacei ed anche con l&#8217;ausilio di strumenti elettronici, con modalit\u00e0 idonee a garantire la sicurezza e riservatezza dei dati.<br \/><br \/>Il conferimento dei dati \u00e8 facoltativo, tuttavia l&#8217;eventuale rifiuto a fornirci, in tutto o in parte, i Suoi\/Vostri dati personali o l\u2019autorizzazione al trattamento potrebbe comportare la mancata esecuzione della prestazione professionale.<br \/><br \/>I dati potranno essere altres\u00ec comunicati, esclusivamente per le finalit\u00e0 sopra indicate, a determinati soggetti pubblici o privati, tra i quali istituti bancari, consulenti legali o fiscali e altri liberi professionisti. Potranno essere altres\u00ec occasionalmente affidati a fornitori di servizi postali, se ritenuto necessario nell\u2019ambito delle finalit\u00e0 sopra menzionate. Come previsto dal decreto legislativo n\u00b0231 del 16 novembre 2007 i dati potranno essere comunicati anche all&#8217;Unit\u00e0 d&#8217;Informazione Finanziaria (UIF) in adempienza alle norme antiriciclaggio. Altri soggetti potrebbero venire a conoscenza dei dati in qualit\u00e0 di responsabili o incaricati del trattamento. In nessun caso i dati personali trattati saranno oggetto di diffusione.<br \/><br \/>Anche dati personali classificati come sensibili ossia i dati idonei a rivelare l\u2019origine razziale ed etnica, le convinzioni religiose, filosofiche o altro in genere, le opinioni politiche, l\u2019adesione a partiti, sindacati, associazioni od organizzazioni a carattere religioso, filosofico, politico o sindacale, nonch\u00e9 i dati personali idonei a rivelare lo stato di salute e la vita sessuale, possono essere oggetto di trattamento. Ci\u00f2 per adempiere ad un obbligo di legge oppure con il consenso scritto dell\u2019interessato, previa autorizzazione del Garante per la protezione dei dati personali (articolo 26 del D.lgs n.196\/2003), secondo le modalit\u00e0 e per le finalit\u00e0 sopra indicate.<br \/><br \/>Il titolare del trattamento dei dati personali \u00e8 Nicola\u00a0Ventura\u00a0\u00a0 con sede in Via Nicola de Roggiero, n.75 \u2013 76125 Trani (BT) &#8211; Tel. 0883.480.838 fax 0883.954.620 &#8211; Email: info@studiovmd.it . Si precisa che il titolare del trattamento \u00e8 un singolo libero professionista. E\u2019 possibile conoscere una versione aggiornata di questo documento e l\u2019elenco aggiornato dei responsabili del trattamento, rivolgendosi direttamente al titolare indicato sopra.<br \/><br \/>Al titolare del trattamento o al responsabile Lei\/Voi potr\u00e0 rivolgersi per far valere i Suoi diritti, cos\u00ec come previsto dall\u2019articolo 7 del D.lgs n.196\/2003, che per Sua\/Vostra comodit\u00e0 viene sotto riportato. Va comunque osservato che l\u2019atto notarile, come ogni altro analogo documento con fede pubblica, \u00e8 destinato ad essere conservato inalterato nel tempo nel suo tenore originario; ogni successiva modifica dei dati ivi contenuti non dovr\u00e0 e non potr\u00e0 comportare modifica dell\u2019atto, bens\u00ec sar\u00e0 documentata con modalit\u00e0 sue proprie. Qualora atti notarili richiedano di essere corretti a causa di obiettiva erroneit\u00e0 di alcuni loro elementi, la rettifica potr\u00e0 essere eseguita solo con un ulteriore atto notarile.<br \/><br \/><strong>Art. 7 Diritto di accesso ai dati personali ed altri diritti<\/strong><br \/><br \/>1. L&#8217;interessato ha diritto di ottenere la conferma dell&#8217;esistenza o meno di dati personali che lo riguardano, anche se non ancora registrati, e la loro comunicazione in forma intelligibile.<br \/><br \/>2. L\u2019interessato ha diritto di ottenere l\u2019indicazione:<br \/>a) dell\u2019origine dei dati personali;<br \/>b) delle finalit\u00e0 e modalit\u00e0 del trattamento;<br \/>c) della logica applicata in caso di trattamento effettuato con l\u2019ausilio di strumenti elettronici;<br \/>d) degli estremi identificativi del titolare, dei responsabili e del rappresentante designato ai sensi dell\u2019articolo 5, comma 2;<br \/>e) dei soggetti o delle categorie di soggetti ai quali i dati personali possono essere comunicati o che possono venirne a conoscenza in qualit\u00e0 di rappresentante designato nel territorio dello Stato, di responsabili o incaricati.<br \/><br \/>3. L\u2019interessato ha diritto di ottenere:<br \/>a) l&#8217;aggiornamento, la rettificazione ovvero, quando vi ha interesse, l&#8217;integrazione dei dati;<br \/>b) la cancellazione, la trasformazione in forma anonima o il blocco dei dati trattati in violazione di legge, compresi quelli di cui non \u00e8 necessaria la conservazione in relazione agli scopi per i quali i dati sono stati raccolti o successivamente trattati;<br \/>c) l&#8217;attestazione che le operazioni di cui alle lettere a) e b) sono state portate a conoscenza, anche per quanto riguarda il loro contenuto, di coloro ai quali i dati sono stati comunicati o diffusi, eccettuato il caso in cui tale adempimento si rivela impossibile o comporta un impiego di mezzi manifestamente sproporzionato rispetto al diritto tutelato.<br \/><br \/>4. L\u2019interessato ha diritto di opporsi, in tutto o in parte:<br \/>a) per motivi legittimi al trattamento dei dati personali che lo riguardano, ancorch\u00e9 pertinenti allo scopo della raccolta;<br \/>b) al trattamento di dati personali che lo riguardano a fini di invio di materiale pubblicitario o di vendita diretta o per il compimento di ricerche di mercato o di comunicazione commerciali.<\/p>\n\t\t\t\t\t\t\t\t<\/div>\n\t\t\t\t<\/div>\n\t\t\t\t\t<\/div>\n\t\t\t\t<\/div>\n\t\t\t\t<\/div>","protected":false},"excerpt":{"rendered":"<p>INFORMATIVA SULLA PRIVACY (D.Lgs. n. 196\/2003) I dati personali da Lei\/Voi forniti o acquisiti nell&#8217;ambito della nostra attivit\u00e0 saranno oggetto di trattamento improntato ai principi di correttezza, liceit\u00e0, trasparenza e di tutela della Sua\/Vostra riservatezza e dei Suoi\/Vostri diritti, ai sensi delle vigenti normative. Il trattamento di tali dati personali sar\u00e0 principalmente finalizzato agli adempimenti [&hellip;]<\/p>\n","protected":false},"author":2,"featured_media":0,"parent":0,"menu_order":0,"comment_status":"closed","ping_status":"open","template":"","meta":{"om_disable_all_campaigns":false,"footnotes":""},"class_list":["post-3","page","type-page","status-publish","hentry"],"yoast_head":"<!-- This site is optimized with the Yoast SEO plugin v27.4 - https:\/\/yoast.com\/product\/yoast-seo-wordpress\/ -->\n<title>Privacy Policy - Studio VMD<\/title>\n<meta name=\"robots\" content=\"noindex, follow, max-snippet:-1, max-image-preview:large, max-video-preview:-1\" \/>\n<meta property=\"og:locale\" content=\"en_GB\" \/>\n<meta property=\"og:type\" content=\"article\" \/>\n<meta property=\"og:title\" content=\"Privacy Policy - Studio VMD\" \/>\n<meta property=\"og:description\" content=\"INFORMATIVA SULLA PRIVACY (D.Lgs. n. 196\/2003) I dati personali da Lei\/Voi forniti o acquisiti nell&#8217;ambito della nostra attivit\u00e0 saranno oggetto di trattamento improntato ai principi di correttezza, liceit\u00e0, trasparenza e di tutela della Sua\/Vostra riservatezza e dei Suoi\/Vostri diritti, ai sensi delle vigenti normative. Il trattamento di tali dati personali sar\u00e0 principalmente finalizzato agli adempimenti [&hellip;]\" \/>\n<meta property=\"og:url\" content=\"https:\/\/studiovmd.it\/en\/privacy-policy\/\" \/>\n<meta property=\"og:site_name\" content=\"Studio VMD\" \/>\n<meta property=\"article:modified_time\" content=\"2024-05-27T15:39:55+00:00\" \/>\n<meta name=\"twitter:card\" content=\"summary_large_image\" \/>\n<meta name=\"twitter:label1\" content=\"Estimated reading time\" \/>\n\t<meta name=\"twitter:data1\" content=\"5 minutes\" \/>\n<script type=\"application\/ld+json\" class=\"yoast-schema-graph\">{\"@context\":\"https:\\\/\\\/schema.org\",\"@graph\":[{\"@type\":\"WebPage\",\"@id\":\"https:\\\/\\\/studiovmd.it\\\/privacy-policy\\\/\",\"url\":\"https:\\\/\\\/studiovmd.it\\\/privacy-policy\\\/\",\"name\":\"Privacy Policy - Studio VMD\",\"isPartOf\":{\"@id\":\"https:\\\/\\\/studiovmd.it\\\/#website\"},\"datePublished\":\"2024-02-07T14:17:57+00:00\",\"dateModified\":\"2024-05-27T15:39:55+00:00\",\"breadcrumb\":{\"@id\":\"https:\\\/\\\/studiovmd.it\\\/privacy-policy\\\/#breadcrumb\"},\"inLanguage\":\"en-GB\",\"potentialAction\":[{\"@type\":\"ReadAction\",\"target\":[\"https:\\\/\\\/studiovmd.it\\\/privacy-policy\\\/\"]}]},{\"@type\":\"BreadcrumbList\",\"@id\":\"https:\\\/\\\/studiovmd.it\\\/privacy-policy\\\/#breadcrumb\",\"itemListElement\":[{\"@type\":\"ListItem\",\"position\":1,\"name\":\"Home\",\"item\":\"https:\\\/\\\/studiovmd.it\\\/\"},{\"@type\":\"ListItem\",\"position\":2,\"name\":\"Privacy Policy\"}]},{\"@type\":\"WebSite\",\"@id\":\"https:\\\/\\\/studiovmd.it\\\/#website\",\"url\":\"https:\\\/\\\/studiovmd.it\\\/\",\"name\":\"Studio VMD\",\"description\":\"Studio legale e commerciali\",\"publisher\":{\"@id\":\"https:\\\/\\\/studiovmd.it\\\/#organization\"},\"potentialAction\":[{\"@type\":\"SearchAction\",\"target\":{\"@type\":\"EntryPoint\",\"urlTemplate\":\"https:\\\/\\\/studiovmd.it\\\/?s={search_term_string}\"},\"query-input\":{\"@type\":\"PropertyValueSpecification\",\"valueRequired\":true,\"valueName\":\"search_term_string\"}}],\"inLanguage\":\"en-GB\"},{\"@type\":\"Organization\",\"@id\":\"https:\\\/\\\/studiovmd.it\\\/#organization\",\"name\":\"Studio VMD\",\"url\":\"https:\\\/\\\/studiovmd.it\\\/\",\"logo\":{\"@type\":\"ImageObject\",\"inLanguage\":\"en-GB\",\"@id\":\"https:\\\/\\\/studiovmd.it\\\/#\\\/schema\\\/logo\\\/image\\\/\",\"url\":\"https:\\\/\\\/studiovmd.it\\\/wp-content\\\/uploads\\\/2024\\\/02\\\/Logo-VMD.jpg\",\"contentUrl\":\"https:\\\/\\\/studiovmd.it\\\/wp-content\\\/uploads\\\/2024\\\/02\\\/Logo-VMD.jpg\",\"width\":400,\"height\":85,\"caption\":\"Studio VMD\"},\"image\":{\"@id\":\"https:\\\/\\\/studiovmd.it\\\/#\\\/schema\\\/logo\\\/image\\\/\"}}]}<\/script>\n<!-- \/ Yoast SEO plugin. -->","yoast_head_json":{"title":"Privacy Policy - Studio VMD","robots":{"index":"noindex","follow":"follow","max-snippet":"max-snippet:-1","max-image-preview":"max-image-preview:large","max-video-preview":"max-video-preview:-1"},"og_locale":"en_GB","og_type":"article","og_title":"Privacy Policy - Studio VMD","og_description":"INFORMATIVA SULLA PRIVACY (D.Lgs. n. 196\/2003) I dati personali da Lei\/Voi forniti o acquisiti nell&#8217;ambito della nostra attivit\u00e0 saranno oggetto di trattamento improntato ai principi di correttezza, liceit\u00e0, trasparenza e di tutela della Sua\/Vostra riservatezza e dei Suoi\/Vostri diritti, ai sensi delle vigenti normative. Il trattamento di tali dati personali sar\u00e0 principalmente finalizzato agli adempimenti [&hellip;]","og_url":"https:\/\/studiovmd.it\/en\/privacy-policy\/","og_site_name":"Studio VMD","article_modified_time":"2024-05-27T15:39:55+00:00","twitter_card":"summary_large_image","twitter_misc":{"Estimated reading time":"5 minutes"},"schema":{"@context":"https:\/\/schema.org","@graph":[{"@type":"WebPage","@id":"https:\/\/studiovmd.it\/privacy-policy\/","url":"https:\/\/studiovmd.it\/privacy-policy\/","name":"Privacy Policy - Studio VMD","isPartOf":{"@id":"https:\/\/studiovmd.it\/#website"},"datePublished":"2024-02-07T14:17:57+00:00","dateModified":"2024-05-27T15:39:55+00:00","breadcrumb":{"@id":"https:\/\/studiovmd.it\/privacy-policy\/#breadcrumb"},"inLanguage":"en-GB","potentialAction":[{"@type":"ReadAction","target":["https:\/\/studiovmd.it\/privacy-policy\/"]}]},{"@type":"BreadcrumbList","@id":"https:\/\/studiovmd.it\/privacy-policy\/#breadcrumb","itemListElement":[{"@type":"ListItem","position":1,"name":"Home","item":"https:\/\/studiovmd.it\/"},{"@type":"ListItem","position":2,"name":"Privacy Policy"}]},{"@type":"WebSite","@id":"https:\/\/studiovmd.it\/#website","url":"https:\/\/studiovmd.it\/","name":"Studio VMD","description":"Studio legale e commerciali","publisher":{"@id":"https:\/\/studiovmd.it\/#organization"},"potentialAction":[{"@type":"SearchAction","target":{"@type":"EntryPoint","urlTemplate":"https:\/\/studiovmd.it\/?s={search_term_string}"},"query-input":{"@type":"PropertyValueSpecification","valueRequired":true,"valueName":"search_term_string"}}],"inLanguage":"en-GB"},{"@type":"Organization","@id":"https:\/\/studiovmd.it\/#organization","name":"Studio VMD","url":"https:\/\/studiovmd.it\/","logo":{"@type":"ImageObject","inLanguage":"en-GB","@id":"https:\/\/studiovmd.it\/#\/schema\/logo\/image\/","url":"https:\/\/studiovmd.it\/wp-content\/uploads\/2024\/02\/Logo-VMD.jpg","contentUrl":"https:\/\/studiovmd.it\/wp-content\/uploads\/2024\/02\/Logo-VMD.jpg","width":400,"height":85,"caption":"Studio VMD"},"image":{"@id":"https:\/\/studiovmd.it\/#\/schema\/logo\/image\/"}}]}},"_links":{"self":[{"href":"https:\/\/studiovmd.it\/en\/wp-json\/wp\/v2\/pages\/3","targetHints":{"allow":["GET"]}}],"collection":[{"href":"https:\/\/studiovmd.it\/en\/wp-json\/wp\/v2\/pages"}],"about":[{"href":"https:\/\/studiovmd.it\/en\/wp-json\/wp\/v2\/types\/page"}],"author":[{"embeddable":true,"href":"https:\/\/studiovmd.it\/en\/wp-json\/wp\/v2\/users\/2"}],"replies":[{"embeddable":true,"href":"https:\/\/studiovmd.it\/en\/wp-json\/wp\/v2\/comments?post=3"}],"version-history":[{"count":22,"href":"https:\/\/studiovmd.it\/en\/wp-json\/wp\/v2\/pages\/3\/revisions"}],"predecessor-version":[{"id":1239,"href":"https:\/\/studiovmd.it\/en\/wp-json\/wp\/v2\/pages\/3\/revisions\/1239"}],"wp:attachment":[{"href":"https:\/\/studiovmd.it\/en\/wp-json\/wp\/v2\/media?parent=3"}],"curies":[{"name":"wp","href":"https:\/\/api.w.org\/{rel}","templated":true}]}}